{"id":550,"date":"2015-07-02T13:45:37","date_gmt":"2015-07-02T13:45:37","guid":{"rendered":"http:\/\/estudandosocialmedia.wordpress.com\/?page_id=1"},"modified":"2016-12-25T11:32:34","modified_gmt":"2016-12-25T13:32:34","slug":"sobre","status":"publish","type":"page","link":"https:\/\/insightee.com.br\/blog\/sobre\/","title":{"rendered":"Sobre mim"},"content":{"rendered":"<figure style=\"width: 320px\" class=\"wp-caption alignright\"><img loading=\"lazy\" decoding=\"async\" class=\"\" src=\"https:\/\/secure.gravatar.com\/avatar\/e202a8073e45809b54f0d28ceaf2ebed?s=320\" width=\"320\" height=\"320\" \/><figcaption class=\"wp-caption-text\">Sou eu!<\/figcaption><\/figure>\n<p>Oi! Meu nome \u00e9 Pedro Meirelles e tenho 21 anos. Nasci em Salvador,\u00a0onde fiquei at\u00e9 os 5 anos de idade, e depois fui morar em Aracaju. Sa\u00ed de l\u00e1 com 18 anos, em 2013, para cursar &#8220;R\u00e1dio, TV e Internet&#8221; na faculdade Metodista, em S\u00e3o Bernardo do Campo. Foi necess\u00e1rio somente um semestre (menos que isso, na verdade) para perceber que aquilo n\u00e3o era o que eu queria. Em 2013.2 entrei para o curso de <a href=\"http:\/\/www.midia.uff.br\/\" target=\"_blank\">Estudos de M\u00eddia<\/a>, na UFF.<\/p>\n<p>Quando entrei na universidade, pensava que me formaria um Analista de M\u00eddias Sociais. Esta fun\u00e7\u00e3o estava em alta na \u00e9poca, com v\u00e1rias mat\u00e9rias da Folha de S\u00e3o Paulo, Exame, etc. mencionando-a como uma das profiss\u00f5es mais requisitadas do &#8220;futuro&#8221; &#8211; e meu pai me mandava todas elas. De qualquer forma, era a &#8220;caixinha&#8221; onde eu mais me encontrava, j\u00e1 que, na adolesc\u00eancia, n\u00e3o consigo recordar quantos blogs criei e desisti (destaque para o falecido JBieber.com, f\u00e3-site do Justin Bieber que tenho muito orgulho de ter criado do zero e alcan\u00e7ado a audi\u00eancia que consegui sem apoio algum, s\u00f3 com a ajuda de outras f\u00e3s que viraram amigas &#8211; ele ainda vive no <a href=\"https:\/\/twitter.com\/JBieberCOM\">Twitter<\/a>!). Voltando \u00e0 quest\u00e3o da forma\u00e7\u00e3o em Analista de M\u00eddias Sociais, percebi tamb\u00e9m ainda no primeiro per\u00edodo do curso que essa n\u00e3o seria a minha realidade. Acontece que, desta vez, a surpresa veio para o bem.<\/p>\n<p>Apesar de todos os pesares, o curso de <a href=\"http:\/\/www.midia.uff.br\/\" target=\"_blank\">Estudos de M\u00eddia<\/a> abriu\/expandiu minha vis\u00e3o de mundo &#8211; em muitos sentidos. Tive logo de in\u00edcio mat\u00e9rias e professores incr\u00edveis de Sociologia\/Estudos Culturais que simplesmente conseguiram reformular todo meu pensamento, criticidade, car\u00e1ter, etc. Aprendi que o mundo \u00e9 muito mais complexo do que se imagina mas que h\u00e1 autores sensacionais que podem nos ajudar a entender melhor toda essa complexidade. Me encantei e continuo me encantando por Bourdieu, Hall, Goffman, Certeau, Willians, Butler e muitos outros. S\u00e3o autores que tive a oportunidade de conhecer gra\u00e7as ao curso e que desejo levar pra vida inteira, sempre lendo, estudando e fomentando tamb\u00e9m a discuss\u00e3o.<\/p>\n<p>O problema \u00e9 que essa forma\u00e7\u00e3o de vida n\u00e3o me capacitaria para a profiss\u00e3o t\u00e3o desejada de Analista de M\u00eddias Sociais. Para falar a verdade, ainda estava emba\u00e7ado para mim o que fazia esse profissional. Foi tentando responder a essa curiosidade que comecei a acompanhar blogs\/sites que descobri como refer\u00eancias no assunto e da\u00ed surgiu o <a href=\"http:\/\/estudandosocialmedia.wordpress.com\" target=\"_blank\">Estudando Social Media<\/a>. Um ano se passou e conquistei (e digo conquistas no sentido mais pessoal poss\u00edvel) v\u00e1rias coisas antes inimagin\u00e1veis pra mim. Conheci pessoas fant\u00e1sticas simplesmente pela vontade de querer estudar, aprender e me aprofundar mais nessa \u00e1rea que tem pelo menos 10 anos f\u00e1ceis de atua\u00e7\u00e3o s\u00e9ria. Falando de internet, esse hist\u00f3rico \u00e9 imenso &#8211; e n\u00e3o via o motivo de n\u00e3o ir atr\u00e1s de quem j\u00e1 tinha essa experi\u00eancia na bagagem.<\/p>\n<p>Da mesma forma que me apaixonei pelos autores na faculdade, foi estudando sobre m\u00eddias sociais que acabei me apaixonando por monitoramento. Ainda n\u00e3o sei se essa \u00e9 a \u00fanica e exclusiva \u00e1rea que desejo seguir, mas confesso que trabalhar com pessoas &#8211; ou, melhor, analisando pessoas &#8211; \u00e9 algo que me intriga (e que permite conciliar todo meu conhecimento acad\u00eamico com meu interesse profissional). Tamb\u00e9m tenho uma quedinha por planejamento e m\u00e9tricas, mas isso \u00e9 algo a se desbravar num futuro incerto. Por ora, viver como <strong>insightee<\/strong> \u00e9 suficiente. \ud83d\ude42<\/p>\n<p><a href=\"http:\/\/twitter.com\/seekpedro\" target=\"_blank\">Twitter<\/a>\u00a0| <a href=\"https:\/\/www.linkedin.com\/in\/meirellespedro\" target=\"_blank\">LinkedIn<\/a>\u00a0|\u00a0<a href=\"https:\/\/www.facebook.com\/pedrormeirelles\" target=\"_blank\">Facebook<\/a><\/p>\n","protected":false},"excerpt":{"rendered":"<p>Oi! Meu nome \u00e9 Pedro Meirelles e tenho 21 anos. Nasci em Salvador,\u00a0onde fiquei at\u00e9 os 5 anos de idade, e depois fui morar em Aracaju. Sa\u00ed de l\u00e1 com 18 anos, em 2013, para cursar &#8220;R\u00e1dio, TV e Internet&#8221; na faculdade Metodista, em S\u00e3o Bernardo do Campo. Foi necess\u00e1rio somente um semestre (menos que [&hellip;]<\/p>\n","protected":false},"author":1,"featured_media":0,"parent":0,"menu_order":0,"comment_status":"open","ping_status":"open","template":"","meta":{"footnotes":""},"class_list":["post-550","page","type-page","status-publish","hentry"],"yoast_head":"<!-- This site is optimized with the Yoast SEO plugin v27.3 - https:\/\/yoast.com\/product\/yoast-seo-wordpress\/ -->\n<title>Sobre mim &#8211; insightee<\/title>\n<meta name=\"robots\" content=\"index, follow, max-snippet:-1, max-image-preview:large, max-video-preview:-1\" \/>\n<link rel=\"canonical\" href=\"https:\/\/insightee.com.br\/blog\/sobre\/\" \/>\n<meta property=\"og:locale\" content=\"pt_BR\" \/>\n<meta property=\"og:type\" content=\"article\" \/>\n<meta property=\"og:title\" content=\"Sobre mim &#8211; insightee\" \/>\n<meta property=\"og:description\" content=\"Oi! Meu nome \u00e9 Pedro Meirelles e tenho 21 anos. Nasci em Salvador,\u00a0onde fiquei at\u00e9 os 5 anos de idade, e depois fui morar em Aracaju. Sa\u00ed de l\u00e1 com 18 anos, em 2013, para cursar &#8220;R\u00e1dio, TV e Internet&#8221; na faculdade Metodista, em S\u00e3o Bernardo do Campo. Foi necess\u00e1rio somente um semestre (menos que [&hellip;]\" \/>\n<meta property=\"og:url\" content=\"https:\/\/insightee.com.br\/blog\/sobre\/\" \/>\n<meta property=\"og:site_name\" content=\"insightee\" \/>\n<meta property=\"article:publisher\" content=\"https:\/\/www.facebook.com\/pedrormeirelles\" \/>\n<meta property=\"article:modified_time\" content=\"2016-12-25T13:32:34+00:00\" \/>\n<meta property=\"og:image\" content=\"https:\/\/secure.gravatar.com\/avatar\/e202a8073e45809b54f0d28ceaf2ebed?s=320\" \/>\n<meta name=\"twitter:card\" content=\"summary_large_image\" \/>\n<meta name=\"twitter:site\" content=\"@peumeirelles\" \/>\n<meta name=\"twitter:label1\" content=\"Est. tempo de leitura\" \/>\n\t<meta name=\"twitter:data1\" content=\"3 minutos\" \/>\n<script type=\"application\/ld+json\" class=\"yoast-schema-graph\">{\"@context\":\"https:\\\/\\\/schema.org\",\"@graph\":[{\"@type\":\"WebPage\",\"@id\":\"https:\\\/\\\/insightee.com.br\\\/blog\\\/sobre\\\/\",\"url\":\"https:\\\/\\\/insightee.com.br\\\/blog\\\/sobre\\\/\",\"name\":\"Sobre mim &#8211; insightee\",\"isPartOf\":{\"@id\":\"https:\\\/\\\/insightee.com.br\\\/blog\\\/#website\"},\"primaryImageOfPage\":{\"@id\":\"https:\\\/\\\/insightee.com.br\\\/blog\\\/sobre\\\/#primaryimage\"},\"image\":{\"@id\":\"https:\\\/\\\/insightee.com.br\\\/blog\\\/sobre\\\/#primaryimage\"},\"thumbnailUrl\":\"https:\\\/\\\/secure.gravatar.com\\\/avatar\\\/e202a8073e45809b54f0d28ceaf2ebed?s=320\",\"datePublished\":\"2015-07-02T13:45:37+00:00\",\"dateModified\":\"2016-12-25T13:32:34+00:00\",\"breadcrumb\":{\"@id\":\"https:\\\/\\\/insightee.com.br\\\/blog\\\/sobre\\\/#breadcrumb\"},\"inLanguage\":\"pt-BR\",\"potentialAction\":[{\"@type\":\"ReadAction\",\"target\":[\"https:\\\/\\\/insightee.com.br\\\/blog\\\/sobre\\\/\"]}]},{\"@type\":\"ImageObject\",\"inLanguage\":\"pt-BR\",\"@id\":\"https:\\\/\\\/insightee.com.br\\\/blog\\\/sobre\\\/#primaryimage\",\"url\":\"https:\\\/\\\/secure.gravatar.com\\\/avatar\\\/e202a8073e45809b54f0d28ceaf2ebed?s=320\",\"contentUrl\":\"https:\\\/\\\/secure.gravatar.com\\\/avatar\\\/e202a8073e45809b54f0d28ceaf2ebed?s=320\"},{\"@type\":\"BreadcrumbList\",\"@id\":\"https:\\\/\\\/insightee.com.br\\\/blog\\\/sobre\\\/#breadcrumb\",\"itemListElement\":[{\"@type\":\"ListItem\",\"position\":1,\"name\":\"In\u00edcio\",\"item\":\"https:\\\/\\\/insightee.com.br\\\/blog\\\/\"},{\"@type\":\"ListItem\",\"position\":2,\"name\":\"Sobre mim\"}]},{\"@type\":\"WebSite\",\"@id\":\"https:\\\/\\\/insightee.com.br\\\/blog\\\/#website\",\"url\":\"https:\\\/\\\/insightee.com.br\\\/blog\\\/\",\"name\":\"insightee\",\"description\":\"\u00e0 procura do insight perfeito\",\"potentialAction\":[{\"@type\":\"SearchAction\",\"target\":{\"@type\":\"EntryPoint\",\"urlTemplate\":\"https:\\\/\\\/insightee.com.br\\\/blog\\\/?s={search_term_string}\"},\"query-input\":{\"@type\":\"PropertyValueSpecification\",\"valueRequired\":true,\"valueName\":\"search_term_string\"}}],\"inLanguage\":\"pt-BR\"}]}<\/script>\n<!-- \/ Yoast SEO plugin. -->","yoast_head_json":{"title":"Sobre mim &#8211; insightee","robots":{"index":"index","follow":"follow","max-snippet":"max-snippet:-1","max-image-preview":"max-image-preview:large","max-video-preview":"max-video-preview:-1"},"canonical":"https:\/\/insightee.com.br\/blog\/sobre\/","og_locale":"pt_BR","og_type":"article","og_title":"Sobre mim &#8211; insightee","og_description":"Oi! Meu nome \u00e9 Pedro Meirelles e tenho 21 anos. Nasci em Salvador,\u00a0onde fiquei at\u00e9 os 5 anos de idade, e depois fui morar em Aracaju. Sa\u00ed de l\u00e1 com 18 anos, em 2013, para cursar &#8220;R\u00e1dio, TV e Internet&#8221; na faculdade Metodista, em S\u00e3o Bernardo do Campo. Foi necess\u00e1rio somente um semestre (menos que [&hellip;]","og_url":"https:\/\/insightee.com.br\/blog\/sobre\/","og_site_name":"insightee","article_publisher":"https:\/\/www.facebook.com\/pedrormeirelles","article_modified_time":"2016-12-25T13:32:34+00:00","og_image":[{"url":"https:\/\/secure.gravatar.com\/avatar\/e202a8073e45809b54f0d28ceaf2ebed?s=320","type":"","width":"","height":""}],"twitter_card":"summary_large_image","twitter_site":"@peumeirelles","twitter_misc":{"Est. tempo de leitura":"3 minutos"},"schema":{"@context":"https:\/\/schema.org","@graph":[{"@type":"WebPage","@id":"https:\/\/insightee.com.br\/blog\/sobre\/","url":"https:\/\/insightee.com.br\/blog\/sobre\/","name":"Sobre mim &#8211; insightee","isPartOf":{"@id":"https:\/\/insightee.com.br\/blog\/#website"},"primaryImageOfPage":{"@id":"https:\/\/insightee.com.br\/blog\/sobre\/#primaryimage"},"image":{"@id":"https:\/\/insightee.com.br\/blog\/sobre\/#primaryimage"},"thumbnailUrl":"https:\/\/secure.gravatar.com\/avatar\/e202a8073e45809b54f0d28ceaf2ebed?s=320","datePublished":"2015-07-02T13:45:37+00:00","dateModified":"2016-12-25T13:32:34+00:00","breadcrumb":{"@id":"https:\/\/insightee.com.br\/blog\/sobre\/#breadcrumb"},"inLanguage":"pt-BR","potentialAction":[{"@type":"ReadAction","target":["https:\/\/insightee.com.br\/blog\/sobre\/"]}]},{"@type":"ImageObject","inLanguage":"pt-BR","@id":"https:\/\/insightee.com.br\/blog\/sobre\/#primaryimage","url":"https:\/\/secure.gravatar.com\/avatar\/e202a8073e45809b54f0d28ceaf2ebed?s=320","contentUrl":"https:\/\/secure.gravatar.com\/avatar\/e202a8073e45809b54f0d28ceaf2ebed?s=320"},{"@type":"BreadcrumbList","@id":"https:\/\/insightee.com.br\/blog\/sobre\/#breadcrumb","itemListElement":[{"@type":"ListItem","position":1,"name":"In\u00edcio","item":"https:\/\/insightee.com.br\/blog\/"},{"@type":"ListItem","position":2,"name":"Sobre mim"}]},{"@type":"WebSite","@id":"https:\/\/insightee.com.br\/blog\/#website","url":"https:\/\/insightee.com.br\/blog\/","name":"insightee","description":"\u00e0 procura do insight perfeito","potentialAction":[{"@type":"SearchAction","target":{"@type":"EntryPoint","urlTemplate":"https:\/\/insightee.com.br\/blog\/?s={search_term_string}"},"query-input":{"@type":"PropertyValueSpecification","valueRequired":true,"valueName":"search_term_string"}}],"inLanguage":"pt-BR"}]}},"_links":{"self":[{"href":"https:\/\/insightee.com.br\/blog\/wp-json\/wp\/v2\/pages\/550","targetHints":{"allow":["GET"]}}],"collection":[{"href":"https:\/\/insightee.com.br\/blog\/wp-json\/wp\/v2\/pages"}],"about":[{"href":"https:\/\/insightee.com.br\/blog\/wp-json\/wp\/v2\/types\/page"}],"author":[{"embeddable":true,"href":"https:\/\/insightee.com.br\/blog\/wp-json\/wp\/v2\/users\/1"}],"replies":[{"embeddable":true,"href":"https:\/\/insightee.com.br\/blog\/wp-json\/wp\/v2\/comments?post=550"}],"version-history":[{"count":5,"href":"https:\/\/insightee.com.br\/blog\/wp-json\/wp\/v2\/pages\/550\/revisions"}],"predecessor-version":[{"id":2640,"href":"https:\/\/insightee.com.br\/blog\/wp-json\/wp\/v2\/pages\/550\/revisions\/2640"}],"wp:attachment":[{"href":"https:\/\/insightee.com.br\/blog\/wp-json\/wp\/v2\/media?parent=550"}],"curies":[{"name":"wp","href":"https:\/\/api.w.org\/{rel}","templated":true}]}}