{"id":5,"date":"2015-07-30T02:35:29","date_gmt":"2015-07-30T02:35:29","guid":{"rendered":"https:\/\/estudandosocialmedia.wordpress.com\/?page_id=5"},"modified":"2016-11-14T13:37:27","modified_gmt":"2016-11-14T15:37:27","slug":"cursos","status":"publish","type":"page","link":"https:\/\/insightee.com.br\/blog\/cursos\/","title":{"rendered":"Cursos"},"content":{"rendered":"<p><strong>INDICADOS<\/strong> (por colegas e profissionais da \u00e1rea)<\/p>\n<p><a href=\"http:\/\/atlasmedialab.com.br\/cursos\/\" target=\"_blank\">Atlas Media Lab (SP)<\/a>\u00a0&#8211; N\u00e3o s\u00e3o cursos, mas workshops; talvez uma das &#8220;escolas&#8221; mais populares da \u00e1rea, com professores bastante respeitados no mercado. Periodicidade: pelo menos uma turma por semestre.<\/p>\n<ul>\n<li><a href=\"https:\/\/estudandosocialmedia.wordpress.com\/2015\/08\/18\/curso-e-workshop-metricas-em-midias-sociais-da-atlas-media-lab-e-cec-cursos\/\">Workshop de M\u00e9tricas em M\u00eddias Sociais<\/a><\/li>\n<\/ul>\n<p><a href=\"http:\/\/querosersocialmedia.com.br\/cursos-midias-sociais\" target=\"_blank\">Quero Ser Social Media (SP)<\/a>\u00a0&#8211; Outra &#8220;escola&#8221; bastante famosa por ter cursos completos e professores renomados no mercado. Periodicidade: pelo menos uma turma por semestre.<\/p>\n<p><a href=\"http:\/\/www.goobec.com.br\/\" target=\"_blank\">Goobec (RJ e SP)<\/a> &#8211; Treinamentos e cursos sobre Adwords e Google Analytics.<\/p>\n<p><a href=\"http:\/\/academy.m2br.com\/curso\/fundamentos-do-seo\/\" target=\"_blank\">Ag\u00eancia Digital M2BR (RJ)<\/a> &#8211; Os profissionais da ag\u00eancia d\u00e3o cursos sobre Facebook Marketing, SEO, dentre outros.<\/p>\n<p><a href=\"http:\/\/www2.espm.br\/pesquisa\/labs\/espm-media-lab\/cursos-e-eventos\" target=\"_blank\">ESPM Media Lab<\/a> &#8211; Cursos e eventos com profissionais da academia e do mercado sobre diversas vertentes do marketing digital.<\/p>\n<p><a href=\"http:\/\/www.polocriativo.com.br\/rio-de-janeiro\/\" target=\"_blank\">Polo Criativo (RJ)<\/a>\u00a0&#8211;\u00a0V\u00e1rios cursos e palestra sobre diversos assuntos, mas tamb\u00e9m sobre redes sociais, marketing digital e etc.<\/p>\n<p><a href=\"http:\/\/trespontosbrasil.com\/#cursos\" target=\"_blank\">Trespontos Brasil<\/a>\u00a0&#8211; Cursos\u00a0com material j\u00e1 dispon\u00edvel online para acesso imediato.<\/p>\n<p><a href=\"http:\/\/mediaeducation.com.br\/cursodeplanejamento\/\" target=\"_blank\">Media Education<\/a> &#8211; Cursos peri\u00f3dicos (planejamento, BI, etc.) com profissionais de renome no mercado em S\u00e3o Paulo.<\/p>\n<p><a href=\"http:\/\/www.internucleos.com.br\/cursos\/\" target=\"_blank\">Internucleos<\/a> &#8211; institui\u00e7\u00e3o focado em pesquisa e inova\u00e7\u00e3o e consultoria com cursos de marketing e administra\u00e7\u00e3o para as m\u00eddias sociais.<\/p>\n<p><a href=\"http:\/\/www.spds.com.br\/\" target=\"_blank\">S\u00e3o Paulo Digital School<\/a> &#8211; Centro de capacita\u00e7\u00e3o para profissionais de marketing e internet com cursos sobre business, planejamento, publicidade, m\u00e9tricas, marketing e social.<\/p>\n<p><strong>ONLINE<\/strong><\/p>\n<p><a href=\"http:\/\/socialmediacontent.com.br\/curso-marketing-de-conteudo\" target=\"_blank\">Curso Marketing de Conte\u00fado em M\u00eddias Sociais<\/a> &#8211; Andr\u00e9 Telles e Marcel Bely num curso &#8220;empacotado&#8221; para aprender sobre conte\u00fados criativos, relevantes e que geram engajamento.<\/p>\n<p><a href=\"http:\/\/cursos.estrategi.ca\/cursos\/\" target=\"_blank\">Estrategi.ca Cursos<\/a>\u00a0&#8211;\u00a0Cursos de planejamento e m\u00e9tricas para as redes sociais.<\/p>\n<p><a href=\"http:\/\/www.internetinnovation.com.br\/\" target=\"_blank\">Internet Innovation<\/a> &#8211; Diversos profissionais da \u00e1rea oferecem cursos sobre e-commerce, e-learning, marketing digital e m\u00eddias sociais.<\/p>\n","protected":false},"excerpt":{"rendered":"<p>INDICADOS (por colegas e profissionais da \u00e1rea) Atlas Media Lab (SP)\u00a0&#8211; N\u00e3o s\u00e3o cursos, mas workshops; talvez uma das &#8220;escolas&#8221; mais populares da \u00e1rea, com professores bastante respeitados no mercado. Periodicidade: pelo menos uma turma por semestre. Workshop de M\u00e9tricas em M\u00eddias Sociais Quero Ser Social Media (SP)\u00a0&#8211; Outra &#8220;escola&#8221; bastante famosa por ter cursos [&hellip;]<\/p>\n","protected":false},"author":1,"featured_media":0,"parent":0,"menu_order":0,"comment_status":"open","ping_status":"open","template":"","meta":{"footnotes":""},"class_list":["post-5","page","type-page","status-publish","hentry"],"yoast_head":"<!-- This site is optimized with the Yoast SEO plugin v27.5 - https:\/\/yoast.com\/product\/yoast-seo-wordpress\/ -->\n<title>Cursos &#8211; insightee<\/title>\n<meta name=\"description\" content=\"Uma lista com algumas institui\u00e7\u00f5es de ensino com cursos de especializa\u00e7\u00e3o, cursos livros e capacita\u00e7\u00e3o sobre pr\u00e1ticas do mercado da comunica\u00e7\u00e3o digital.\" \/>\n<meta name=\"robots\" content=\"index, follow, max-snippet:-1, max-image-preview:large, max-video-preview:-1\" \/>\n<link rel=\"canonical\" href=\"https:\/\/insightee.com.br\/blog\/cursos\/\" \/>\n<meta property=\"og:locale\" content=\"pt_BR\" \/>\n<meta property=\"og:type\" content=\"article\" \/>\n<meta property=\"og:title\" content=\"Cursos &#8211; insightee\" \/>\n<meta property=\"og:description\" content=\"Uma lista com algumas institui\u00e7\u00f5es de ensino com cursos de especializa\u00e7\u00e3o, cursos livros e capacita\u00e7\u00e3o sobre pr\u00e1ticas do mercado da comunica\u00e7\u00e3o digital.\" \/>\n<meta property=\"og:url\" content=\"https:\/\/insightee.com.br\/blog\/cursos\/\" \/>\n<meta property=\"og:site_name\" content=\"insightee\" \/>\n<meta property=\"article:publisher\" content=\"https:\/\/www.facebook.com\/pedrormeirelles\" \/>\n<meta property=\"article:modified_time\" content=\"2016-11-14T15:37:27+00:00\" \/>\n<meta property=\"og:image\" content=\"https:\/\/insightee.com.br\/blog\/wp-content\/uploads\/2016\/12\/featured-img.png\" \/>\n\t<meta property=\"og:image:width\" content=\"1170\" \/>\n\t<meta property=\"og:image:height\" content=\"650\" \/>\n\t<meta property=\"og:image:type\" content=\"image\/png\" \/>\n<meta name=\"twitter:card\" content=\"summary_large_image\" \/>\n<meta name=\"twitter:site\" content=\"@peumeirelles\" \/>\n<meta name=\"twitter:label1\" content=\"Est. tempo de leitura\" \/>\n\t<meta name=\"twitter:data1\" content=\"1 minuto\" \/>\n<script type=\"application\/ld+json\" class=\"yoast-schema-graph\">{\"@context\":\"https:\\\/\\\/schema.org\",\"@graph\":[{\"@type\":\"WebPage\",\"@id\":\"https:\\\/\\\/insightee.com.br\\\/blog\\\/cursos\\\/\",\"url\":\"https:\\\/\\\/insightee.com.br\\\/blog\\\/cursos\\\/\",\"name\":\"Cursos &#8211; insightee\",\"isPartOf\":{\"@id\":\"https:\\\/\\\/insightee.com.br\\\/blog\\\/#website\"},\"datePublished\":\"2015-07-30T02:35:29+00:00\",\"dateModified\":\"2016-11-14T15:37:27+00:00\",\"description\":\"Uma lista com algumas institui\u00e7\u00f5es de ensino com cursos de especializa\u00e7\u00e3o, cursos livros e capacita\u00e7\u00e3o sobre pr\u00e1ticas do mercado da comunica\u00e7\u00e3o digital.\",\"breadcrumb\":{\"@id\":\"https:\\\/\\\/insightee.com.br\\\/blog\\\/cursos\\\/#breadcrumb\"},\"inLanguage\":\"pt-BR\",\"potentialAction\":[{\"@type\":\"ReadAction\",\"target\":[\"https:\\\/\\\/insightee.com.br\\\/blog\\\/cursos\\\/\"]}]},{\"@type\":\"BreadcrumbList\",\"@id\":\"https:\\\/\\\/insightee.com.br\\\/blog\\\/cursos\\\/#breadcrumb\",\"itemListElement\":[{\"@type\":\"ListItem\",\"position\":1,\"name\":\"In\u00edcio\",\"item\":\"https:\\\/\\\/insightee.com.br\\\/blog\\\/\"},{\"@type\":\"ListItem\",\"position\":2,\"name\":\"Cursos\"}]},{\"@type\":\"WebSite\",\"@id\":\"https:\\\/\\\/insightee.com.br\\\/blog\\\/#website\",\"url\":\"https:\\\/\\\/insightee.com.br\\\/blog\\\/\",\"name\":\"insightee\",\"description\":\"\u00e0 procura do insight perfeito\",\"potentialAction\":[{\"@type\":\"SearchAction\",\"target\":{\"@type\":\"EntryPoint\",\"urlTemplate\":\"https:\\\/\\\/insightee.com.br\\\/blog\\\/?s={search_term_string}\"},\"query-input\":{\"@type\":\"PropertyValueSpecification\",\"valueRequired\":true,\"valueName\":\"search_term_string\"}}],\"inLanguage\":\"pt-BR\"}]}<\/script>\n<!-- \/ Yoast SEO plugin. -->","yoast_head_json":{"title":"Cursos &#8211; insightee","description":"Uma lista com algumas institui\u00e7\u00f5es de ensino com cursos de especializa\u00e7\u00e3o, cursos livros e capacita\u00e7\u00e3o sobre pr\u00e1ticas do mercado da comunica\u00e7\u00e3o digital.","robots":{"index":"index","follow":"follow","max-snippet":"max-snippet:-1","max-image-preview":"max-image-preview:large","max-video-preview":"max-video-preview:-1"},"canonical":"https:\/\/insightee.com.br\/blog\/cursos\/","og_locale":"pt_BR","og_type":"article","og_title":"Cursos &#8211; insightee","og_description":"Uma lista com algumas institui\u00e7\u00f5es de ensino com cursos de especializa\u00e7\u00e3o, cursos livros e capacita\u00e7\u00e3o sobre pr\u00e1ticas do mercado da comunica\u00e7\u00e3o digital.","og_url":"https:\/\/insightee.com.br\/blog\/cursos\/","og_site_name":"insightee","article_publisher":"https:\/\/www.facebook.com\/pedrormeirelles","article_modified_time":"2016-11-14T15:37:27+00:00","og_image":[{"width":1170,"height":650,"url":"https:\/\/insightee.com.br\/blog\/wp-content\/uploads\/2016\/12\/featured-img.png","type":"image\/png"}],"twitter_card":"summary_large_image","twitter_site":"@peumeirelles","twitter_misc":{"Est. tempo de leitura":"1 minuto"},"schema":{"@context":"https:\/\/schema.org","@graph":[{"@type":"WebPage","@id":"https:\/\/insightee.com.br\/blog\/cursos\/","url":"https:\/\/insightee.com.br\/blog\/cursos\/","name":"Cursos &#8211; insightee","isPartOf":{"@id":"https:\/\/insightee.com.br\/blog\/#website"},"datePublished":"2015-07-30T02:35:29+00:00","dateModified":"2016-11-14T15:37:27+00:00","description":"Uma lista com algumas institui\u00e7\u00f5es de ensino com cursos de especializa\u00e7\u00e3o, cursos livros e capacita\u00e7\u00e3o sobre pr\u00e1ticas do mercado da comunica\u00e7\u00e3o digital.","breadcrumb":{"@id":"https:\/\/insightee.com.br\/blog\/cursos\/#breadcrumb"},"inLanguage":"pt-BR","potentialAction":[{"@type":"ReadAction","target":["https:\/\/insightee.com.br\/blog\/cursos\/"]}]},{"@type":"BreadcrumbList","@id":"https:\/\/insightee.com.br\/blog\/cursos\/#breadcrumb","itemListElement":[{"@type":"ListItem","position":1,"name":"In\u00edcio","item":"https:\/\/insightee.com.br\/blog\/"},{"@type":"ListItem","position":2,"name":"Cursos"}]},{"@type":"WebSite","@id":"https:\/\/insightee.com.br\/blog\/#website","url":"https:\/\/insightee.com.br\/blog\/","name":"insightee","description":"\u00e0 procura do insight perfeito","potentialAction":[{"@type":"SearchAction","target":{"@type":"EntryPoint","urlTemplate":"https:\/\/insightee.com.br\/blog\/?s={search_term_string}"},"query-input":{"@type":"PropertyValueSpecification","valueRequired":true,"valueName":"search_term_string"}}],"inLanguage":"pt-BR"}]}},"_links":{"self":[{"href":"https:\/\/insightee.com.br\/blog\/wp-json\/wp\/v2\/pages\/5","targetHints":{"allow":["GET"]}}],"collection":[{"href":"https:\/\/insightee.com.br\/blog\/wp-json\/wp\/v2\/pages"}],"about":[{"href":"https:\/\/insightee.com.br\/blog\/wp-json\/wp\/v2\/types\/page"}],"author":[{"embeddable":true,"href":"https:\/\/insightee.com.br\/blog\/wp-json\/wp\/v2\/users\/1"}],"replies":[{"embeddable":true,"href":"https:\/\/insightee.com.br\/blog\/wp-json\/wp\/v2\/comments?post=5"}],"version-history":[{"count":1,"href":"https:\/\/insightee.com.br\/blog\/wp-json\/wp\/v2\/pages\/5\/revisions"}],"predecessor-version":[{"id":2501,"href":"https:\/\/insightee.com.br\/blog\/wp-json\/wp\/v2\/pages\/5\/revisions\/2501"}],"wp:attachment":[{"href":"https:\/\/insightee.com.br\/blog\/wp-json\/wp\/v2\/media?parent=5"}],"curies":[{"name":"wp","href":"https:\/\/api.w.org\/{rel}","templated":true}]}}